{"id":2189,"date":"2024-03-13T13:41:34","date_gmt":"2024-03-13T12:41:34","guid":{"rendered":"https:\/\/onlinetuzvedelmioktatas.hu\/blog\/"},"modified":"2024-07-03T11:13:33","modified_gmt":"2024-07-03T09:13:33","slug":"blog","status":"publish","type":"page","link":"https:\/\/onlinetuzvedelmioktatas.hu\/en\/blog\/","title":{"rendered":"Blog"},"content":{"rendered":"<p>[et_pb_section fb_built=&#8221;1&#8243; custom_padding_last_edited=&#8221;on|phone&#8221; admin_label=&#8221;Header&#8221; _builder_version=&#8221;4.24.2&#8243; _module_preset=&#8221;default&#8221; background_color=&#8221;#323335&#8243; background_image=&#8221;https:\/\/onlinetuzvedelmioktatas.hu\/wp-content\/uploads\/\/tuz_ikon_firesafety_sopron.svg&#8221; background_size=&#8221;custom&#8221; background_image_height=&#8221;100%&#8221; background_position=&#8221;bottom_right&#8221; background_horizontal_offset=&#8221;10%&#8221; min_height=&#8221;550px&#8221; custom_padding=&#8221;||29px||false|false&#8221; custom_padding_tablet=&#8221;||98px||false|false&#8221; custom_padding_phone=&#8221;||0px||false|false&#8221; background_last_edited=&#8221;on|phone&#8221; background_enable_image_phone=&#8221;off&#8221; locked=&#8221;off&#8221; collapsed=&#8221;on&#8221; global_colors_info=&#8221;{%22gcid-3a379ca8-6bf9-434c-8a61-08511851f29f%22:%91%22background_color_gradient_stops%22%93}&#8221;][et_pb_row _builder_version=&#8221;4.24.2&#8243; _module_preset=&#8221;default&#8221; locked=&#8221;off&#8221; global_colors_info=&#8221;{}&#8221;][et_pb_column type=&#8221;4_4&#8243; _builder_version=&#8221;4.24.2&#8243; _module_preset=&#8221;default&#8221; global_colors_info=&#8221;{}&#8221;][et_pb_text _builder_version=&#8221;4.24.2&#8243; _module_preset=&#8221;default&#8221; text_font=&#8221;|600|||||||&#8221; text_text_color=&#8221;rgba(255,255,255,0.04)&#8221; text_font_size=&#8221;93px&#8221; custom_margin=&#8221;|||-3px|false|false&#8221; custom_margin_tablet=&#8221;|||-3px|false|false&#8221; custom_margin_phone=&#8221;0px||||false|false&#8221; custom_margin_last_edited=&#8221;on|phone&#8221; text_font_size_tablet=&#8221;93px&#8221; text_font_size_phone=&#8221;80px&#8221; text_font_size_last_edited=&#8221;on|phone&#8221; text_line_height_tablet=&#8221;&#8221; text_line_height_phone=&#8221;1em&#8221; text_line_height_last_edited=&#8221;on|phone&#8221; global_colors_info=&#8221;{}&#8221;]<\/p>\n<p>FIRE SAFETY<\/p>\n<p>[\/et_pb_text][\/et_pb_column][\/et_pb_row][et_pb_row use_custom_gutter=&#8221;on&#8221; gutter_width=&#8221;1&#8243; _builder_version=&#8221;4.19.0&#8243; _module_preset=&#8221;default&#8221; custom_margin=&#8221;|auto|-8px|auto||&#8221; global_colors_info=&#8221;{}&#8221; custom_padding=&#8221;||6px|||&#8221;][et_pb_column type=&#8221;4_4&#8243; _builder_version=&#8221;4.19.0&#8243; _module_preset=&#8221;default&#8221; global_colors_info=&#8221;{}&#8221;][et_pb_blurb title=&#8221;Blog&#8221; use_icon=&#8221;on&#8221; font_icon=&#8221;&#x4b;||divi||400&#8243; icon_placement=&#8221;left&#8221; content_max_width=&#8221;1100px&#8221; _builder_version=&#8221;4.24.2&#8243; _module_preset=&#8221;default&#8221; header_level=&#8221;h1&#8243; header_text_color=&#8221;#FFFFFF&#8221; header_font_size=&#8221;50px&#8221; image_icon_custom_margin=&#8221;15px||||false|false&#8221; global_colors_info=&#8221;{}&#8221;][\/et_pb_blurb][et_pb_text content_tablet=&#8221;<\/p>\n<p>Useful information in an understandable format for event organisers, employers and employees alike on fire safety and crisis communication.<\/p>\n<p>&#8221; content_phone=&#8221;<\/p>\n<p style=%22text-align: left;%22>Useful information in an understandable format for event organisers, employers and employees alike on fire safety and crisis communication.<\/p>\n<p>&#8221; content_last_edited=&#8221;on|phone&#8221; _builder_version=&#8221;4.24.2&#8243; _module_preset=&#8221;default&#8221; text_font=&#8221;Roboto||||||||&#8221; text_text_color=&#8221;#8F9395&#8243; text_font_size=&#8221;18px&#8221; width=&#8221;75%&#8221; width_tablet=&#8221;75%&#8221; width_phone=&#8221;100%&#8221; width_last_edited=&#8221;on|phone&#8221; custom_margin=&#8221;10px|-90px|||false|false&#8221; custom_padding=&#8221;|4px||||&#8221; locked=&#8221;off&#8221; global_colors_info=&#8221;{}&#8221;]<\/p>\n<p>Programme recommendations, tips and useful information in an understandable format for event organisers, employers and employees alike from the world of fire safety and crisis communication.<\/p>\n<p>[\/et_pb_text][\/et_pb_column][\/et_pb_row][\/et_pb_section][et_pb_section fb_built=&#8221;1&#8243; custom_padding_last_edited=&#8221;on|phone&#8221; admin_label=&#8221;Blog&#8221; _builder_version=&#8221;4.24.2&#8243; _module_preset=&#8221;default&#8221; background_color=&#8221;#323335&#8243; background_enable_image=&#8221;off&#8221; background_size=&#8221;custom&#8221; background_image_height=&#8221;100%&#8221; background_position=&#8221;bottom_right&#8221; background_horizontal_offset=&#8221;10%&#8221; min_height=&#8221;550px&#8221; custom_margin=&#8221;0px|||||&#8221; custom_margin_tablet=&#8221;0px|||||&#8221; custom_margin_phone=&#8221;0px|||||&#8221; custom_margin_last_edited=&#8221;on|phone&#8221; custom_padding=&#8221;23px||||false|false&#8221; custom_padding_tablet=&#8221;||||false|false&#8221; custom_padding_phone=&#8221;0px||||false|false&#8221; background_last_edited=&#8221;on|phone&#8221; background_enable_image_phone=&#8221;off&#8221; collapsed=&#8221;on&#8221; global_colors_info=&#8221;{}&#8221;][et_pb_row _builder_version=&#8221;4.24.2&#8243; _module_preset=&#8221;default&#8221; locked=&#8221;off&#8221; global_colors_info=&#8221;{}&#8221;][et_pb_column type=&#8221;4_4&#8243; _builder_version=&#8221;4.24.2&#8243; _module_preset=&#8221;default&#8221; global_colors_info=&#8221;{}&#8221;][et_pb_blog fullwidth=&#8221;off&#8221; posts_number=&#8221;3&#8243; include_categories=&#8221;all&#8221; use_manual_excerpt=&#8221;off&#8221; excerpt_length=&#8221;130&#8243; show_more=&#8221;on&#8221; show_author=&#8221;off&#8221; show_date=&#8221;off&#8221; show_categories=&#8221;off&#8221; masonry_tile_background_color=&#8221;#F26724&#8243; _builder_version=&#8221;4.25.2&#8243; _module_preset=&#8221;default&#8221; header_text_color=&#8221;#FFFFFF&#8221; header_font_size=&#8221;18px&#8221; body_font=&#8221;|300|||||||&#8221; body_text_color=&#8221;#FFFFFF&#8221; meta_font=&#8221;|300|||||||&#8221; meta_text_color=&#8221;#FFFFFF&#8221; read_more_font=&#8221;|600||on|||||&#8221; read_more_text_color=&#8221;#FFFFFF&#8221; read_more_line_height=&#8221;2.5em&#8221; custom_margin=&#8221;||-14px||false|false&#8221; hover_enabled=&#8221;0&#8243; border_width_all=&#8221;0px&#8221; border_radii_image=&#8221;off||||&#8221; box_shadow_style=&#8221;preset1&#8243; box_shadow_vertical=&#8221;1px&#8221; box_shadow_blur=&#8221;10px&#8221; global_colors_info=&#8221;{}&#8221; text_orientation=&#8221;left&#8221; sticky_enabled=&#8221;0&#8243;][\/et_pb_blog][\/et_pb_column][\/et_pb_row][\/et_pb_section]<\/p>\n","protected":false},"excerpt":{"rendered":"<p>FIRE SAFETYProgramme recommendations, tips and useful information in an understandable format for event organisers, employers and employees alike from the world of fire safety and crisis communication.<\/p>\n","protected":false},"author":2,"featured_media":2039,"parent":0,"menu_order":0,"comment_status":"closed","ping_status":"closed","template":"","meta":{"_et_pb_use_builder":"on","_et_pb_old_content":"","_et_gb_content_width":"","inline_featured_image":false,"footnotes":""},"class_list":["post-2189","page","type-page","status-publish","has-post-thumbnail","hentry"],"yoast_head":"<!-- This site is optimized with the Yoast SEO plugin v23.0 - https:\/\/yoast.com\/wordpress\/plugins\/seo\/ -->\n<title>Blog | Fire Safety<\/title>\n<meta name=\"description\" content=\"Blog from Fire Safety, the world of fire safety and crisis communication. Programme recommendations, tips, useful information.\" \/>\n<meta name=\"robots\" content=\"noindex, follow, max-snippet:-1, max-image-preview:large, max-video-preview:-1\" \/>\n<meta property=\"og:locale\" content=\"en_US\" \/>\n<meta property=\"og:type\" content=\"article\" \/>\n<meta property=\"og:title\" content=\"Blog | Fire Safety\" \/>\n<meta property=\"og:description\" content=\"Blog from Fire Safety, the world of fire safety and crisis communication. Programme recommendations, tips, useful information.\" \/>\n<meta property=\"og:url\" content=\"https:\/\/onlinetuzvedelmioktatas.hu\/en\/blog\/\" \/>\n<meta property=\"og:site_name\" content=\"Fire Safety\" \/>\n<meta property=\"article:publisher\" content=\"https:\/\/www.facebook.com\/fire.safety.hu\" \/>\n<meta property=\"article:modified_time\" content=\"2024-07-03T09:13:33+00:00\" \/>\n<meta property=\"og:image\" content=\"https:\/\/onlinetuzvedelmioktatas.hu\/wp-content\/uploads\/fire-safety-galeria-eszkozpark-04.jpg\" \/>\n\t<meta property=\"og:image:width\" content=\"1400\" \/>\n\t<meta property=\"og:image:height\" content=\"933\" \/>\n\t<meta property=\"og:image:type\" content=\"image\/jpeg\" \/>\n<meta name=\"twitter:card\" content=\"summary_large_image\" \/>\n<meta name=\"twitter:label1\" content=\"Est. reading time\" \/>\n\t<meta name=\"twitter:data1\" content=\"3 minutes\" \/>\n<script type=\"application\/ld+json\" class=\"yoast-schema-graph\">{\"@context\":\"https:\/\/schema.org\",\"@graph\":[{\"@type\":\"WebPage\",\"@id\":\"https:\/\/onlinetuzvedelmioktatas.hu\/en\/blog\/\",\"url\":\"https:\/\/onlinetuzvedelmioktatas.hu\/en\/blog\/\",\"name\":\"Blog | Fire Safety\",\"isPartOf\":{\"@id\":\"https:\/\/onlinetuzvedelmioktatas.hu\/en\/#website\"},\"primaryImageOfPage\":{\"@id\":\"https:\/\/onlinetuzvedelmioktatas.hu\/en\/blog\/#primaryimage\"},\"image\":{\"@id\":\"https:\/\/onlinetuzvedelmioktatas.hu\/en\/blog\/#primaryimage\"},\"thumbnailUrl\":\"https:\/\/onlinetuzvedelmioktatas.hu\/wp-content\/uploads\/fire-safety-galeria-eszkozpark-04.jpg\",\"datePublished\":\"2024-03-13T12:41:34+00:00\",\"dateModified\":\"2024-07-03T09:13:33+00:00\",\"description\":\"Blog from Fire Safety, the world of fire safety and crisis communication. Programme recommendations, tips, useful information.\",\"breadcrumb\":{\"@id\":\"https:\/\/onlinetuzvedelmioktatas.hu\/en\/blog\/#breadcrumb\"},\"inLanguage\":\"en-US\",\"potentialAction\":[{\"@type\":\"ReadAction\",\"target\":[\"https:\/\/onlinetuzvedelmioktatas.hu\/en\/blog\/\"]}]},{\"@type\":\"ImageObject\",\"inLanguage\":\"en-US\",\"@id\":\"https:\/\/onlinetuzvedelmioktatas.hu\/en\/blog\/#primaryimage\",\"url\":\"https:\/\/onlinetuzvedelmioktatas.hu\/wp-content\/uploads\/fire-safety-galeria-eszkozpark-04.jpg\",\"contentUrl\":\"https:\/\/onlinetuzvedelmioktatas.hu\/wp-content\/uploads\/fire-safety-galeria-eszkozpark-04.jpg\",\"width\":1400,\"height\":933},{\"@type\":\"BreadcrumbList\",\"@id\":\"https:\/\/onlinetuzvedelmioktatas.hu\/en\/blog\/#breadcrumb\",\"itemListElement\":[{\"@type\":\"ListItem\",\"position\":1,\"name\":\"Kezd\u0151lap\",\"item\":\"https:\/\/onlinetuzvedelmioktatas.hu\/en\/\"},{\"@type\":\"ListItem\",\"position\":2,\"name\":\"Blog\"}]},{\"@type\":\"WebSite\",\"@id\":\"https:\/\/onlinetuzvedelmioktatas.hu\/en\/#website\",\"url\":\"https:\/\/onlinetuzvedelmioktatas.hu\/en\/\",\"name\":\"Fire Safety\",\"description\":\"Esem\u00e9nyek, t\u00f6megrendezv\u00e9nyek katasztr\u00f3fav\u00e9delmi biztos\u00edt\u00e1sa, vesz\u00e9lyhelyzeti kezel\u00e9se\",\"publisher\":{\"@id\":\"https:\/\/onlinetuzvedelmioktatas.hu\/en\/#organization\"},\"potentialAction\":[{\"@type\":\"SearchAction\",\"target\":{\"@type\":\"EntryPoint\",\"urlTemplate\":\"https:\/\/onlinetuzvedelmioktatas.hu\/en\/?s={search_term_string}\"},\"query-input\":\"required name=search_term_string\"}],\"inLanguage\":\"en-US\"},{\"@type\":\"Organization\",\"@id\":\"https:\/\/onlinetuzvedelmioktatas.hu\/en\/#organization\",\"name\":\"Fire Safety\",\"url\":\"https:\/\/onlinetuzvedelmioktatas.hu\/en\/\",\"logo\":{\"@type\":\"ImageObject\",\"inLanguage\":\"en-US\",\"@id\":\"https:\/\/onlinetuzvedelmioktatas.hu\/en\/#\/schema\/logo\/image\/\",\"url\":\"https:\/\/onlinetuzvedelmioktatas.hu\/wp-content\/uploads\/2024\/03\/fire-safety.hu_logo.svg\",\"contentUrl\":\"https:\/\/onlinetuzvedelmioktatas.hu\/wp-content\/uploads\/2024\/03\/fire-safety.hu_logo.svg\",\"width\":500,\"height\":500,\"caption\":\"Fire Safety\"},\"image\":{\"@id\":\"https:\/\/onlinetuzvedelmioktatas.hu\/en\/#\/schema\/logo\/image\/\"},\"sameAs\":[\"https:\/\/www.facebook.com\/fire.safety.hu\"]}]}<\/script>\n<!-- \/ Yoast SEO plugin. -->","yoast_head_json":{"title":"Blog | Fire Safety","description":"Blog from Fire Safety, the world of fire safety and crisis communication. Programme recommendations, tips, useful information.","robots":{"index":"noindex","follow":"follow","max-snippet":"max-snippet:-1","max-image-preview":"max-image-preview:large","max-video-preview":"max-video-preview:-1"},"og_locale":"en_US","og_type":"article","og_title":"Blog | Fire Safety","og_description":"Blog from Fire Safety, the world of fire safety and crisis communication. Programme recommendations, tips, useful information.","og_url":"https:\/\/onlinetuzvedelmioktatas.hu\/en\/blog\/","og_site_name":"Fire Safety","article_publisher":"https:\/\/www.facebook.com\/fire.safety.hu","article_modified_time":"2024-07-03T09:13:33+00:00","og_image":[{"width":1400,"height":933,"url":"https:\/\/onlinetuzvedelmioktatas.hu\/wp-content\/uploads\/fire-safety-galeria-eszkozpark-04.jpg","type":"image\/jpeg"}],"twitter_card":"summary_large_image","twitter_misc":{"Est. reading time":"3 minutes"},"schema":{"@context":"https:\/\/schema.org","@graph":[{"@type":"WebPage","@id":"https:\/\/onlinetuzvedelmioktatas.hu\/en\/blog\/","url":"https:\/\/onlinetuzvedelmioktatas.hu\/en\/blog\/","name":"Blog | Fire Safety","isPartOf":{"@id":"https:\/\/onlinetuzvedelmioktatas.hu\/en\/#website"},"primaryImageOfPage":{"@id":"https:\/\/onlinetuzvedelmioktatas.hu\/en\/blog\/#primaryimage"},"image":{"@id":"https:\/\/onlinetuzvedelmioktatas.hu\/en\/blog\/#primaryimage"},"thumbnailUrl":"https:\/\/onlinetuzvedelmioktatas.hu\/wp-content\/uploads\/fire-safety-galeria-eszkozpark-04.jpg","datePublished":"2024-03-13T12:41:34+00:00","dateModified":"2024-07-03T09:13:33+00:00","description":"Blog from Fire Safety, the world of fire safety and crisis communication. Programme recommendations, tips, useful information.","breadcrumb":{"@id":"https:\/\/onlinetuzvedelmioktatas.hu\/en\/blog\/#breadcrumb"},"inLanguage":"en-US","potentialAction":[{"@type":"ReadAction","target":["https:\/\/onlinetuzvedelmioktatas.hu\/en\/blog\/"]}]},{"@type":"ImageObject","inLanguage":"en-US","@id":"https:\/\/onlinetuzvedelmioktatas.hu\/en\/blog\/#primaryimage","url":"https:\/\/onlinetuzvedelmioktatas.hu\/wp-content\/uploads\/fire-safety-galeria-eszkozpark-04.jpg","contentUrl":"https:\/\/onlinetuzvedelmioktatas.hu\/wp-content\/uploads\/fire-safety-galeria-eszkozpark-04.jpg","width":1400,"height":933},{"@type":"BreadcrumbList","@id":"https:\/\/onlinetuzvedelmioktatas.hu\/en\/blog\/#breadcrumb","itemListElement":[{"@type":"ListItem","position":1,"name":"Kezd\u0151lap","item":"https:\/\/onlinetuzvedelmioktatas.hu\/en\/"},{"@type":"ListItem","position":2,"name":"Blog"}]},{"@type":"WebSite","@id":"https:\/\/onlinetuzvedelmioktatas.hu\/en\/#website","url":"https:\/\/onlinetuzvedelmioktatas.hu\/en\/","name":"Fire Safety","description":"Esem\u00e9nyek, t\u00f6megrendezv\u00e9nyek katasztr\u00f3fav\u00e9delmi biztos\u00edt\u00e1sa, vesz\u00e9lyhelyzeti kezel\u00e9se","publisher":{"@id":"https:\/\/onlinetuzvedelmioktatas.hu\/en\/#organization"},"potentialAction":[{"@type":"SearchAction","target":{"@type":"EntryPoint","urlTemplate":"https:\/\/onlinetuzvedelmioktatas.hu\/en\/?s={search_term_string}"},"query-input":"required name=search_term_string"}],"inLanguage":"en-US"},{"@type":"Organization","@id":"https:\/\/onlinetuzvedelmioktatas.hu\/en\/#organization","name":"Fire Safety","url":"https:\/\/onlinetuzvedelmioktatas.hu\/en\/","logo":{"@type":"ImageObject","inLanguage":"en-US","@id":"https:\/\/onlinetuzvedelmioktatas.hu\/en\/#\/schema\/logo\/image\/","url":"https:\/\/onlinetuzvedelmioktatas.hu\/wp-content\/uploads\/2024\/03\/fire-safety.hu_logo.svg","contentUrl":"https:\/\/onlinetuzvedelmioktatas.hu\/wp-content\/uploads\/2024\/03\/fire-safety.hu_logo.svg","width":500,"height":500,"caption":"Fire Safety"},"image":{"@id":"https:\/\/onlinetuzvedelmioktatas.hu\/en\/#\/schema\/logo\/image\/"},"sameAs":["https:\/\/www.facebook.com\/fire.safety.hu"]}]}},"_links":{"self":[{"href":"https:\/\/onlinetuzvedelmioktatas.hu\/en\/wp-json\/wp\/v2\/pages\/2189","targetHints":{"allow":["GET"]}}],"collection":[{"href":"https:\/\/onlinetuzvedelmioktatas.hu\/en\/wp-json\/wp\/v2\/pages"}],"about":[{"href":"https:\/\/onlinetuzvedelmioktatas.hu\/en\/wp-json\/wp\/v2\/types\/page"}],"author":[{"embeddable":true,"href":"https:\/\/onlinetuzvedelmioktatas.hu\/en\/wp-json\/wp\/v2\/users\/2"}],"replies":[{"embeddable":true,"href":"https:\/\/onlinetuzvedelmioktatas.hu\/en\/wp-json\/wp\/v2\/comments?post=2189"}],"version-history":[{"count":3,"href":"https:\/\/onlinetuzvedelmioktatas.hu\/en\/wp-json\/wp\/v2\/pages\/2189\/revisions"}],"predecessor-version":[{"id":2192,"href":"https:\/\/onlinetuzvedelmioktatas.hu\/en\/wp-json\/wp\/v2\/pages\/2189\/revisions\/2192"}],"wp:featuredmedia":[{"embeddable":true,"href":"https:\/\/onlinetuzvedelmioktatas.hu\/en\/wp-json\/wp\/v2\/media\/2039"}],"wp:attachment":[{"href":"https:\/\/onlinetuzvedelmioktatas.hu\/en\/wp-json\/wp\/v2\/media?parent=2189"}],"curies":[{"name":"wp","href":"https:\/\/api.w.org\/{rel}","templated":true}]}}